{"id":2363,"date":"2023-09-20T13:41:39","date_gmt":"2023-09-20T13:41:39","guid":{"rendered":"https:\/\/www.cosmetinlyon.com\/next-events\/"},"modified":"2023-11-13T13:37:14","modified_gmt":"2023-11-13T13:37:14","slug":"next-events","status":"publish","type":"page","link":"https:\/\/www.cosmetinlyon.com\/en\/next-events\/","title":{"rendered":"Next events"},"content":{"rendered":"<p>[et_pb_section fb_built=&#8221;1&#8243; _builder_version=&#8221;4.22.1&#8243; _module_preset=&#8221;default&#8221; max_width=&#8221;1440px&#8221; module_alignment=&#8221;center&#8221; custom_padding=&#8221;||4px|||&#8221; locked=&#8221;off&#8221; global_colors_info=&#8221;{}&#8221;][et_pb_row _builder_version=&#8221;4.22.1&#8243; _module_preset=&#8221;default&#8221; module_alignment=&#8221;center&#8221; custom_margin=&#8221;0px|auto|4px|auto|false|false&#8221; custom_padding=&#8221;0px||3px||false|false&#8221; saved_tabs=&#8221;all&#8221; global_colors_info=&#8221;{}&#8221;][et_pb_column type=&#8221;4_4&#8243; _builder_version=&#8221;4.22.1&#8243; _module_preset=&#8221;default&#8221; global_colors_info=&#8221;{}&#8221;][et_pb_text _builder_version=&#8221;4.22.1&#8243; _module_preset=&#8221;default&#8221; header_font_size=&#8221;43px&#8221; header_line_height=&#8221;59px&#8221; header_2_font_size=&#8221;32px&#8221; background_enable_image=&#8221;off&#8221; background_size=&#8221;custom&#8221; background_image_height=&#8221;57px&#8221; background_position=&#8221;center_left&#8221; custom_margin=&#8221;0px||0px||false|false&#8221; custom_padding=&#8221;0px||8px|0px|false|false&#8221; global_colors_info=&#8221;{}&#8221;]<\/p>\n<h1 style=\"text-align: center;\"><img loading=\"lazy\" decoding=\"async\" src=\"https:\/\/www.cosmetinlyon.com\/wp-content\/uploads\/2023\/09\/Symbole3.png\" width=\"48\" height=\"53\" alt=\"\" class=\"wp-image-398 alignnone size-full\">Next events<\/h1>\n<p>[\/et_pb_text][et_pb_divider divider_position=&#8221;bottom&#8221; divider_weight=&#8221;3px&#8221; _builder_version=&#8221;4.22.1&#8243; _module_preset=&#8221;default&#8221; max_width=&#8221;70px&#8221; module_alignment=&#8221;center&#8221; min_height=&#8221;24px&#8221; custom_margin=&#8221;0px||0px||false|false&#8221; custom_padding=&#8221;0px||0px||false|false&#8221; global_colors_info=&#8221;{}&#8221;][\/et_pb_divider][\/et_pb_column][\/et_pb_row][\/et_pb_section][et_pb_section fb_built=&#8221;1&#8243; custom_padding_last_edited=&#8221;on|desktop&#8221; _builder_version=&#8221;4.22.1&#8243; _module_preset=&#8221;default&#8221; custom_padding=&#8221;3px|30px|3px|30px|true|true&#8221; custom_padding_tablet=&#8221;3px|30px|3px|30px|true|true&#8221; custom_padding_phone=&#8221;0px|15px|0px|15px|true|true&#8221; global_colors_info=&#8221;{}&#8221;][et_pb_row _builder_version=&#8221;4.22.1&#8243; _module_preset=&#8221;default&#8221; width=&#8221;100%&#8221; module_alignment=&#8221;center&#8221; custom_margin=&#8221;|0px||0px|false|false&#8221; custom_padding=&#8221;|0px||0px|false|false&#8221; global_colors_info=&#8221;{}&#8221;][et_pb_column type=&#8221;4_4&#8243; _builder_version=&#8221;4.22.1&#8243; _module_preset=&#8221;default&#8221; global_colors_info=&#8221;{}&#8221;][et_pb_de_mach_archive_loop post_type_choose=&#8221;actualite&#8221; loop_layout=&#8221;416&#8243; no_posts_layout_text=&#8221;Il n&#8217;y a pas d&#8217;\u00e9v\u00e8nements pr\u00e9vus pour l&#8217;instant&#8221; show_current_post=&#8221;on&#8221; posts_number=&#8221;-1&#8243; include_sticky_posts=&#8221;off&#8221; sort_order=&#8221;acf_date_picker&#8221; acf_date_picker_field=&#8221;field_650c5289bc02a&#8221; acf_date_picker_method=&#8221;today_future&#8221; sec_sort_order=&#8221;ID&#8221; enable_loadmore=&#8221;infinite&#8221; link_whole_gird=&#8221;on&#8221; equal_height=&#8221;on&#8221; align_last_bottom=&#8221;on&#8221; columns=&#8221;2&#8243; columns_tablet=&#8221;1&#8243; _builder_version=&#8221;4.22.1&#8243; _module_preset=&#8221;default&#8221; custom_margin=&#8221;|0px||0px|false|false&#8221; custom_padding=&#8221;|0px||0px|false|false&#8221; global_colors_info=&#8221;{}&#8221;][\/et_pb_de_mach_archive_loop][et_pb_button button_url=&#8221;@ET-DC@eyJkeW5hbWljIjp0cnVlLCJjb250ZW50IjoicG9zdF9saW5rX3VybF9wYWdlIiwic2V0dGluZ3MiOnsicG9zdF9pZCI6Ijc4OSJ9fQ==@&#8221; button_text=&#8221;Past events&#8221; button_alignment=&#8221;right&#8221; _builder_version=&#8221;4.22.1&#8243; _dynamic_attributes=&#8221;button_url&#8221; _module_preset=&#8221;default&#8221; custom_button=&#8221;on&#8221; button_text_size=&#8221;16px&#8221; button_text_color=&#8221;#025373&#8243; button_bg_color=&#8221;RGBA(255,255,255,0)&#8221; button_border_width=&#8221;0px&#8221; button_border_color=&#8221;RGBA(255,255,255,0)&#8221; button_border_radius=&#8221;0px&#8221; button_font=&#8221;||||||||&#8221; button_icon=&#8221;&#x35;||divi||400&#8243; button_icon_color=&#8221;#025373&#8243; button_on_hover=&#8221;off&#8221; custom_margin=&#8221;68px||||false|false&#8221; custom_margin_tablet=&#8221;68px||||false|false&#8221; custom_margin_phone=&#8221;100px||||false|false&#8221; custom_margin_last_edited=&#8221;on|phone&#8221; custom_padding=&#8221;0px|20px|8px|0px|false|false&#8221; box_shadow_style=&#8221;preset2&#8243; box_shadow_horizontal=&#8221;0px&#8221; box_shadow_vertical=&#8221;3px&#8221; box_shadow_blur=&#8221;0px&#8221; box_shadow_color=&#8221;#025373&#8243; global_colors_info=&#8221;{}&#8221; button_text_color__hover_enabled=&#8221;on|desktop&#8221; button_text_color__hover=&#8221;#BF6860&#8243; button_border_color__hover_enabled=&#8221;on|desktop&#8221; button_border_color__hover=&#8221;RGBA(255,255,255,0)&#8221; box_shadow_color__hover_enabled=&#8221;on|hover&#8221; box_shadow_color__hover=&#8221;#BF6860&#8243; button_bg_color__hover_enabled=&#8221;on|hover&#8221; button_bg_color__hover=&#8221;RGBA(255,255,255,0)&#8221; button_bg_enable_color__hover=&#8221;on&#8221; button_icon_color__hover_enabled=&#8221;on|desktop&#8221; button_icon_color__hover=&#8221;#BF6860&#8243; custom_css_main_element_last_edited=&#8221;on|desktop&#8221;][\/et_pb_button][\/et_pb_column][\/et_pb_row][\/et_pb_section]<\/p>\n","protected":false},"excerpt":{"rendered":"<p>Next events<\/p>\n","protected":false},"author":1,"featured_media":0,"parent":0,"menu_order":0,"comment_status":"closed","ping_status":"closed","template":"","meta":{"_et_pb_use_builder":"on","_et_pb_old_content":"","_et_gb_content_width":"","footnotes":""},"acf":[],"yoast_head":"<!-- This site is optimized with the Yoast SEO plugin v21.5 - https:\/\/yoast.com\/wordpress\/plugins\/seo\/ -->\n<title>Next events - Cosmet&#039;in Lyon<\/title>\n<meta name=\"description\" content=\"Discover the events organized by Cosmetin Lyon to promote exchanges in the cosmetics industry.\" \/>\n<meta name=\"robots\" content=\"index, follow, max-snippet:-1, max-image-preview:large, max-video-preview:-1\" \/>\n<link rel=\"canonical\" href=\"https:\/\/www.cosmetinlyon.com\/en\/next-events\/\" \/>\n<meta property=\"og:locale\" content=\"en_US\" \/>\n<meta property=\"og:type\" content=\"article\" \/>\n<meta property=\"og:title\" content=\"Next events - Cosmet&#039;in Lyon\" \/>\n<meta property=\"og:description\" content=\"Discover the events organized by Cosmetin Lyon to promote exchanges in the cosmetics industry.\" \/>\n<meta property=\"og:site_name\" content=\"Cosmet&#039;in Lyon\" \/>\n<meta property=\"article:modified_time\" content=\"2023-11-13T13:37:14+00:00\" \/>\n<meta property=\"og:image\" content=\"https:\/\/cosmetin-dev.helenetalbot.fr\/wp-content\/uploads\/2023\/09\/Symbole3.png\" \/>\n<meta name=\"twitter:card\" content=\"summary_large_image\" \/>\n<meta name=\"twitter:label1\" content=\"Est. reading time\" \/>\n\t<meta name=\"twitter:data1\" content=\"3 minutes\" \/>\n<script type=\"application\/ld+json\" class=\"yoast-schema-graph\">{\"@context\":\"https:\/\/schema.org\",\"@graph\":[{\"@type\":\"WebPage\",\"@id\":\"https:\/\/www.cosmetinlyon.com\/en\/next-events\/\",\"url\":\"https:\/\/www.cosmetinlyon.com\/en\/next-events\/\",\"name\":\"Next events - Cosmet'in Lyon\",\"isPartOf\":{\"@id\":\"https:\/\/www.cosmetinlyon.com\/en\/#website\"},\"datePublished\":\"2023-09-20T13:41:39+00:00\",\"dateModified\":\"2023-11-13T13:37:14+00:00\",\"description\":\"Discover the events organized by Cosmetin Lyon to promote exchanges in the cosmetics industry.\",\"breadcrumb\":{\"@id\":\"https:\/\/www.cosmetinlyon.com\/en\/next-events\/#breadcrumb\"},\"inLanguage\":\"en-US\",\"potentialAction\":[{\"@type\":\"ReadAction\",\"target\":[\"https:\/\/www.cosmetinlyon.com\/en\/next-events\/\"]}]},{\"@type\":\"BreadcrumbList\",\"@id\":\"https:\/\/www.cosmetinlyon.com\/en\/next-events\/#breadcrumb\",\"itemListElement\":[{\"@type\":\"ListItem\",\"position\":1,\"name\":\"Accueil\",\"item\":\"https:\/\/www.cosmetinlyon.com\/en\/cosmetin-lyon\/\"},{\"@type\":\"ListItem\",\"position\":2,\"name\":\"Next events\"}]},{\"@type\":\"WebSite\",\"@id\":\"https:\/\/www.cosmetinlyon.com\/en\/#website\",\"url\":\"https:\/\/www.cosmetinlyon.com\/en\/\",\"name\":\"Cosmetin Lyon\",\"description\":\"\",\"publisher\":{\"@id\":\"https:\/\/www.cosmetinlyon.com\/en\/#organization\"},\"alternateName\":\"Cosmet'in Lyon\",\"potentialAction\":[{\"@type\":\"SearchAction\",\"target\":{\"@type\":\"EntryPoint\",\"urlTemplate\":\"https:\/\/www.cosmetinlyon.com\/en\/?s={search_term_string}\"},\"query-input\":\"required name=search_term_string\"}],\"inLanguage\":\"en-US\"},{\"@type\":\"Organization\",\"@id\":\"https:\/\/www.cosmetinlyon.com\/en\/#organization\",\"name\":\"Cosmetin Lyon\",\"alternateName\":\"Cosmetin\",\"url\":\"https:\/\/www.cosmetinlyon.com\/en\/\",\"logo\":{\"@type\":\"ImageObject\",\"inLanguage\":\"en-US\",\"@id\":\"https:\/\/www.cosmetinlyon.com\/en\/#\/schema\/logo\/image\/\",\"url\":\"https:\/\/www.cosmetinlyon.com\/wp-content\/uploads\/2023\/09\/Logo-Cosmetin-Bleu-AvecFond.png\",\"contentUrl\":\"https:\/\/www.cosmetinlyon.com\/wp-content\/uploads\/2023\/09\/Logo-Cosmetin-Bleu-AvecFond.png\",\"width\":1500,\"height\":742,\"caption\":\"Cosmetin Lyon\"},\"image\":{\"@id\":\"https:\/\/www.cosmetinlyon.com\/en\/#\/schema\/logo\/image\/\"},\"sameAs\":[\"https:\/\/www.linkedin.com\/in\/cedlyon\/\"]}]}<\/script>\n<!-- \/ Yoast SEO plugin. -->","yoast_head_json":{"title":"Next events - Cosmet'in Lyon","description":"Discover the events organized by Cosmetin Lyon to promote exchanges in the cosmetics industry.","robots":{"index":"index","follow":"follow","max-snippet":"max-snippet:-1","max-image-preview":"max-image-preview:large","max-video-preview":"max-video-preview:-1"},"canonical":"https:\/\/www.cosmetinlyon.com\/en\/next-events\/","og_locale":"en_US","og_type":"article","og_title":"Next events - Cosmet'in Lyon","og_description":"Discover the events organized by Cosmetin Lyon to promote exchanges in the cosmetics industry.","og_site_name":"Cosmet'in Lyon","article_modified_time":"2023-11-13T13:37:14+00:00","og_image":[{"url":"https:\/\/cosmetin-dev.helenetalbot.fr\/wp-content\/uploads\/2023\/09\/Symbole3.png"}],"twitter_card":"summary_large_image","twitter_misc":{"Est. reading time":"3 minutes"},"schema":{"@context":"https:\/\/schema.org","@graph":[{"@type":"WebPage","@id":"https:\/\/www.cosmetinlyon.com\/en\/next-events\/","url":"https:\/\/www.cosmetinlyon.com\/en\/next-events\/","name":"Next events - Cosmet'in Lyon","isPartOf":{"@id":"https:\/\/www.cosmetinlyon.com\/en\/#website"},"datePublished":"2023-09-20T13:41:39+00:00","dateModified":"2023-11-13T13:37:14+00:00","description":"Discover the events organized by Cosmetin Lyon to promote exchanges in the cosmetics industry.","breadcrumb":{"@id":"https:\/\/www.cosmetinlyon.com\/en\/next-events\/#breadcrumb"},"inLanguage":"en-US","potentialAction":[{"@type":"ReadAction","target":["https:\/\/www.cosmetinlyon.com\/en\/next-events\/"]}]},{"@type":"BreadcrumbList","@id":"https:\/\/www.cosmetinlyon.com\/en\/next-events\/#breadcrumb","itemListElement":[{"@type":"ListItem","position":1,"name":"Accueil","item":"https:\/\/www.cosmetinlyon.com\/en\/cosmetin-lyon\/"},{"@type":"ListItem","position":2,"name":"Next events"}]},{"@type":"WebSite","@id":"https:\/\/www.cosmetinlyon.com\/en\/#website","url":"https:\/\/www.cosmetinlyon.com\/en\/","name":"Cosmetin Lyon","description":"","publisher":{"@id":"https:\/\/www.cosmetinlyon.com\/en\/#organization"},"alternateName":"Cosmet'in Lyon","potentialAction":[{"@type":"SearchAction","target":{"@type":"EntryPoint","urlTemplate":"https:\/\/www.cosmetinlyon.com\/en\/?s={search_term_string}"},"query-input":"required name=search_term_string"}],"inLanguage":"en-US"},{"@type":"Organization","@id":"https:\/\/www.cosmetinlyon.com\/en\/#organization","name":"Cosmetin Lyon","alternateName":"Cosmetin","url":"https:\/\/www.cosmetinlyon.com\/en\/","logo":{"@type":"ImageObject","inLanguage":"en-US","@id":"https:\/\/www.cosmetinlyon.com\/en\/#\/schema\/logo\/image\/","url":"https:\/\/www.cosmetinlyon.com\/wp-content\/uploads\/2023\/09\/Logo-Cosmetin-Bleu-AvecFond.png","contentUrl":"https:\/\/www.cosmetinlyon.com\/wp-content\/uploads\/2023\/09\/Logo-Cosmetin-Bleu-AvecFond.png","width":1500,"height":742,"caption":"Cosmetin Lyon"},"image":{"@id":"https:\/\/www.cosmetinlyon.com\/en\/#\/schema\/logo\/image\/"},"sameAs":["https:\/\/www.linkedin.com\/in\/cedlyon\/"]}]}},"_links":{"self":[{"href":"https:\/\/www.cosmetinlyon.com\/en\/wp-json\/wp\/v2\/pages\/2363"}],"collection":[{"href":"https:\/\/www.cosmetinlyon.com\/en\/wp-json\/wp\/v2\/pages"}],"about":[{"href":"https:\/\/www.cosmetinlyon.com\/en\/wp-json\/wp\/v2\/types\/page"}],"author":[{"embeddable":true,"href":"https:\/\/www.cosmetinlyon.com\/en\/wp-json\/wp\/v2\/users\/1"}],"replies":[{"embeddable":true,"href":"https:\/\/www.cosmetinlyon.com\/en\/wp-json\/wp\/v2\/comments?post=2363"}],"version-history":[{"count":10,"href":"https:\/\/www.cosmetinlyon.com\/en\/wp-json\/wp\/v2\/pages\/2363\/revisions"}],"predecessor-version":[{"id":2837,"href":"https:\/\/www.cosmetinlyon.com\/en\/wp-json\/wp\/v2\/pages\/2363\/revisions\/2837"}],"wp:attachment":[{"href":"https:\/\/www.cosmetinlyon.com\/en\/wp-json\/wp\/v2\/media?parent=2363"}],"curies":[{"name":"wp","href":"https:\/\/api.w.org\/{rel}","templated":true}]}}