{"id":3122,"date":"2023-08-23T15:34:44","date_gmt":"2023-08-23T15:34:44","guid":{"rendered":"https:\/\/www.cosmetinlyon.com\/privacy-policy\/"},"modified":"2023-12-11T10:55:08","modified_gmt":"2023-12-11T10:55:08","slug":"privacy-policy","status":"publish","type":"page","link":"https:\/\/www.cosmetinlyon.com\/en\/privacy-policy\/","title":{"rendered":"Privacy policy"},"content":{"rendered":"<p>\n&#13;\n<p>\u00a0<\/p>&#13;\n<h2 class=\"wp-block-heading\">INTRODUCTION\u00a0<\/h2>&#13;\n<p>Dans le cadre de son activit\u00e9, Cosmet&#8217;in Lyon, dont le si\u00e8ge social est situ\u00e9 au Bioparc La\u00eannec, 60 avenue Rockfeller 69008 Lyon, est amen\u00e9e \u00e0 collecter et \u00e0 traiter des informations dont certaines sont qualifi\u00e9es de \u00ab donn\u00e9s personnelles \u00bb. Cosmet&#8217;in Lyon attache une grande importance au respect de la vie priv\u00e9e, et n\u2019utilise que des donnes de mani\u00e8re responsable et confidentielle et dans une finalit\u00e9 pr\u00e9cise.\u00a0<\/p>&#13;\n<h2>\u00a0<\/h2>&#13;\n<h2 id=\"donn-es-personnelles\">PERSONAL DATA<\/h2>&#13;\n<p>Sur le site web www.cosmetinlyon.com, il y a 2 types de donn\u00e9es susceptibles d\u2019\u00eatre recueillies.\u00a0<\/p>&#13;\n<ul>&#13;\n<li><strong>Les donn\u00e9es transmises directement<\/strong><br\/>Ces donn\u00e9es sont celles que vous nous transmettez directement, via un formulaire de contact ou bien par contact direct par email.\u00a0<\/li>&#13;\n<li><strong>Les donn\u00e9es collect\u00e9es automatiquement<\/strong><br\/>Lors de vos visites, une fois votre consentement donn\u00e9, nous pouvons recueillir des informations de type \u00ab web analytics \u00bb relatives \u00e0 votre navigation, la dur\u00e9e de votre consultation, votre adresse IP, votre type et version de navigateur. La technologie utilis\u00e9e est le cookie.<\/li>&#13;\n<\/ul>&#13;\n<h2>\u00a0<\/h2>&#13;\n<h2 id=\"utilisation-des-donn-es\">USE OF DATA<\/h2>&#13;\n<p>Les donn\u00e9es que vous nous transmettez directement sont utilis\u00e9es dans le but de vous re-contacter et\/ou dans le cadre de la demande que vous nous faites.<\/p>&#13;\n<p>Les donn\u00e9es \u00ab web analytics \u00bb sont collect\u00e9es de forme anonyme (en enregistrant des adresses IP anonymes) par Google Analytics, et nous permettent de mesurer l\u2019audience de notre site web, les consultations et les \u00e9ventuelles erreurs afin d\u2019am\u00e9liorer constamment l\u2019exp\u00e9rience des utilisateurs. Ces donn\u00e9es sont utilis\u00e9es par Cosmet&#8217;in Lyon, responsable du traitement des donn\u00e9es, et ne seront jamais c\u00e9d\u00e9es \u00e0 un tiers ni utilis\u00e9es \u00e0 d\u2019autres fins que celles d\u00e9taill\u00e9es ci-dessus.<\/p>&#13;\n<h2 id=\"base-l-gale\">LEGAL BASIS<\/h2>&#13;\n<p>Les donn\u00e9es personnelles ne sont collect\u00e9es qu\u2019apr\u00e8s consentement obligatoire de l\u2019utilisateur.<\/p>&#13;\n<h2>\u00a0<\/h2>&#13;\n<h2 id=\"dur-e-de-conservation\">SHELF LIFE<\/h2>&#13;\n<p>Les donn\u00e9es seront sauvegard\u00e9es durant une dur\u00e9e maximale de 3 ans.<\/p>&#13;\n<h2>\u00a0<\/h2>&#13;\n<h2 id=\"cookies\">COOKIES<\/h2>&#13;\n<p>Notre site web utilise des cookies. Un cookie est un fichier contenant un identifiant (une cha\u00eene de lettres et de chiffres) envoy\u00e9 par un serveur web vers un navigateur web et stock\u00e9 par le navigateur. L\u2019identifiant est alors renvoy\u00e9 au serveur \u00e0 chaque fois que le navigateur demande une page au serveur. Les cookies peuvent \u00eatre \u00ab persistants \u00bb ou \u00ab de session \u00bb : un cookie persistant est stock\u00e9 par le navigateur et reste valide jusqu\u2019\u00e0 sa date d\u2019expiration, \u00e0 moins d\u2019\u00eatre supprim\u00e9 par l\u2019utilisateur avant cette date d\u2019expiration ; quant \u00e0 un cookie de session, il expire \u00e0 la fin de la session utilisateur, lors de la fermeture du navigateur. Les cookies ne contiennent en g\u00e9n\u00e9ral aucune information permettant d\u2019identifier personnellement un utilisateur, mais les informations personnelles que nous stockons \u00e0 votre sujet peuvent \u00eatre li\u00e9es aux informations stock\u00e9es dans les cookies et obtenues par les cookies. Nous utilisons des cookies de session et des cookies persistants sur notre site web.<\/p>&#13;\n<p>Les noms des cookies que nous utilisons sur notre site web et les objectifs dans lesquels nous les utilisons sont d\u00e9crits ci-dessous :<br\/><br\/><\/p>&#13;\n<p>Nous utilisons Google Analytics sur notre site web pour : reconna\u00eetre un ordinateur lorsqu\u2019un utilisateur consulte le site web, suivre les utilisateurs lors de leur navigation sur le site web, am\u00e9liorer l\u2019utilisation d\u2019un site web, analyser l\u2019utilisation du site web, administrer le site web. La plupart des navigateurs vous permettent de refuser ou d\u2019accepter les cookies. Par exemple:<\/p>&#13;\n<ul>&#13;\n<li>avec Firefox (version 24), vous pouvez bloquer tous les cookies en cliquant sur \u00abOutils\u00bb, \u00abOptions\u00bb, \u00abConfidentialit\u00e9\u00bb puis en s\u00e9lectionnant \u00abUtiliser des param\u00e8tres personnalis\u00e9s pour l\u2019historique\u00bb depuis le menu d\u00e9roulant et en d\u00e9cochant \u00abAccepter les cookies provenant des sites\u00bb; et<\/li>&#13;\n<li>avec Internet Explorer (version 10), vous pouvez bloquer les cookies en utilisant les param\u00e8tres de remplacement de la gestion des cookies disponibles en cliquant sur \u00abOutils\u00bb, \u00abOptions internet\u00bb, \u00abConfidentialit\u00e9\u00bb puis \u00abAvanc\u00e9\u00bb;<\/li>&#13;\n<li>avec Chrome (version 29), vous pouvez bloquer tous les cookies en acc\u00e9dant au menu \u00abPersonnaliser et contr\u00f4ler\u00bb puis en cliquant sur \u00abParam\u00e8tres\u00bb, \u00abMontrer les param\u00e8tres avanc\u00e9s\u00bb et \u00abParam\u00e8tres de contenu\u00bb puis en s\u00e9lectionnant \u00abEmp\u00eacher les sites de d\u00e9finir des donn\u00e9es\u00bb dans l\u2019en-t\u00eate \u00abCookies\u00bb.<\/li>&#13;\n<li>\u00a0<\/li>&#13;\n<\/ul>&#13;\n<p>Bloquer tous les cookies aura un impact n\u00e9gatif sur l\u2019utilisation de nombreux sites web. Si vous bloquez les cookies, vous ne pourrez pas utiliser toutes les fonctionnalit\u00e9s de notre site web.<\/p>&#13;\n<p>Vous pouvez supprimer les cookies d\u00e9j\u00e0 stock\u00e9s sur votre ordinateur. Exemple<\/p>&#13;\n<ul>&#13;\n<li>avec Internet Explorer (version 10), vous devez supprimer le fichier cookies manuellement (vous pourrez trouver des instructions pour le faire ici\u00a0<a href=\"https:\/\/support.microsoft.com\/kb\/278835\" target=\"_blank\" rel=\"noreferrer noopener nofollow\">http:\/\/support.microsoft.com\/kb\/278835<\/a>);<\/li>&#13;\n<li>avec Firefox (version 24), vous pouvez supprimer les cookies en cliquant sur \u00abOutils\u00bb, \u00abOptions\u00bb, et \u00abConfidentialit\u00e9\u00bb, puis en s\u00e9lectionnant \u00abUtiliser des param\u00e8tres personnalis\u00e9s pour l\u2019historique\u00bb et en cliquant sur \u00abMontrer les cookies\u00bb, puis sur \u00abSupprimer tous les cookies\u00bb; et<\/li>&#13;\n<li>avec Chrome (version 29), vous pouvez supprimer tous les cookies en acc\u00e9dant au menu \u00abPersonnaliser et contr\u00f4ler\u00bb puis en cliquant sur \u00abParam\u00e8tres\u00bb, \u00ab Montrer les param\u00e8tres avanc\u00e9s \u00bb et \u00abSupprimer les donn\u00e9es de navigation\u00bb puis \u00abSupprimer les cookies et les donn\u00e9es des modules d\u2019autres sites\u00bb avant de cliquer sur \u00abSupprimer les donn\u00e9es de navigation\u00bb.<\/li>&#13;\n<\/ul>&#13;\n<ol>&#13;\n<li style=\"list-style-type: none;\">&#13;\n<ol>&#13;\n<li style=\"list-style-type: none;\">\u00a0<\/li>&#13;\n<\/ol>&#13;\n<\/li>&#13;\n<\/ol>&#13;\n<p>Supprimer les cookies aura un impact n\u00e9gatif sur l\u2019utilisation de nombreux sites web.<\/p>&#13;\n<p>Voici la liste des cookies utilis\u00e9s et leur objectif :<\/p>&#13;\n<ul>&#13;\n<li>Cookies Google Analytics (<a href=\"https:\/\/developers.google.com\/analytics\/devguides\/collection\/analyticsjs\/cookie-usage\" target=\"_blank\" rel=\"noreferrer noopener nofollow\">liste exhaustive<\/a>) : Web analytics<\/li>&#13;\n<\/ul>&#13;\n<h2>\u00a0<\/h2>&#13;\n<h2 id=\"vos-droits-concernant-les-donn-es-personnelles\">YOUR RIGHTS CONCERNING PERSONAL DATA<\/h2>&#13;\n<p>Vous avez le droit de consultation, demande de modification ou d\u2019effacement sur l\u2019ensemble de vos donn\u00e9es personnelles. Vous pouvez \u00e9galement retirer votre consentement au traitement de vos donn\u00e9es.<\/p>&#13;\n<h2>\u00a0<\/h2>&#13;\n<h2 id=\"contact-d-l-gu-la-protection-des-donn-es\">CONTACT DATA PROTECTION OFFICER<\/h2>&#13;\n<p>cosmetinlyon@cosmetinlyon.com<\/p>&#13;\n","protected":false},"excerpt":{"rendered":"<p>&#13; \u00a0 &#13; INTRODUCTION\u00a0 &#13; Dans le cadre de son activit\u00e9, Cosmet&#8217;in Lyon, dont le si\u00e8ge social est situ\u00e9 au Bioparc La\u00eannec, 60 avenue Rockfeller 69008 Lyon, est amen\u00e9e \u00e0 collecter et \u00e0 traiter des informations dont certaines sont qualifi\u00e9es de \u00ab donn\u00e9s personnelles \u00bb. Cosmet&#8217;in Lyon attache une grande importance au respect de la [&hellip;]<\/p>\n","protected":false},"author":1,"featured_media":0,"parent":0,"menu_order":0,"comment_status":"closed","ping_status":"open","template":"","meta":{"_et_pb_use_builder":"","_et_pb_old_content":"","_et_gb_content_width":"","footnotes":""},"acf":[],"yoast_head":"<!-- This site is optimized with the Yoast SEO plugin v21.5 - https:\/\/yoast.com\/wordpress\/plugins\/seo\/ -->\n<title>Privacy policy - Cosmet&#039;in Lyon<\/title>\n<meta name=\"robots\" content=\"index, follow, max-snippet:-1, max-image-preview:large, max-video-preview:-1\" \/>\n<link rel=\"canonical\" href=\"https:\/\/www.cosmetinlyon.com\/en\/privacy-policy\/\" \/>\n<meta property=\"og:locale\" content=\"en_US\" \/>\n<meta property=\"og:type\" content=\"article\" \/>\n<meta property=\"og:title\" content=\"Privacy policy - Cosmet&#039;in Lyon\" \/>\n<meta property=\"og:description\" content=\"&#013; \u00a0 &#013; INTRODUCTION\u00a0 &#013; Dans le cadre de son activit\u00e9, Cosmet&#8217;in Lyon, dont le si\u00e8ge social est situ\u00e9 au Bioparc La\u00eannec, 60 avenue Rockfeller 69008 Lyon, est amen\u00e9e \u00e0 collecter et \u00e0 traiter des informations dont certaines sont qualifi\u00e9es de \u00ab donn\u00e9s personnelles \u00bb. Cosmet&#8217;in Lyon attache une grande importance au respect de la [&hellip;]\" \/>\n<meta property=\"og:site_name\" content=\"Cosmet&#039;in Lyon\" \/>\n<meta property=\"article:modified_time\" content=\"2023-12-11T10:55:08+00:00\" \/>\n<meta property=\"og:image\" content=\"https:\/\/www.cosmetinlyon.com\/wp-content\/uploads\/2023\/11\/Image-site.png\" \/>\n\t<meta property=\"og:image:width\" content=\"1200\" \/>\n\t<meta property=\"og:image:height\" content=\"675\" \/>\n\t<meta property=\"og:image:type\" content=\"image\/png\" \/>\n<meta name=\"twitter:card\" content=\"summary_large_image\" \/>\n<meta name=\"twitter:label1\" content=\"Est. reading time\" \/>\n\t<meta name=\"twitter:data1\" content=\"4 minutes\" \/>\n<script type=\"application\/ld+json\" class=\"yoast-schema-graph\">{\"@context\":\"https:\/\/schema.org\",\"@graph\":[{\"@type\":\"WebPage\",\"@id\":\"https:\/\/www.cosmetinlyon.com\/en\/privacy-policy\/\",\"url\":\"https:\/\/www.cosmetinlyon.com\/en\/privacy-policy\/\",\"name\":\"Privacy policy - Cosmet'in Lyon\",\"isPartOf\":{\"@id\":\"https:\/\/www.cosmetinlyon.com\/en\/#website\"},\"datePublished\":\"2023-08-23T15:34:44+00:00\",\"dateModified\":\"2023-12-11T10:55:08+00:00\",\"breadcrumb\":{\"@id\":\"https:\/\/www.cosmetinlyon.com\/en\/privacy-policy\/#breadcrumb\"},\"inLanguage\":\"en-US\",\"potentialAction\":[{\"@type\":\"ReadAction\",\"target\":[\"https:\/\/www.cosmetinlyon.com\/en\/privacy-policy\/\"]}]},{\"@type\":\"BreadcrumbList\",\"@id\":\"https:\/\/www.cosmetinlyon.com\/en\/privacy-policy\/#breadcrumb\",\"itemListElement\":[{\"@type\":\"ListItem\",\"position\":1,\"name\":\"Accueil\",\"item\":\"https:\/\/www.cosmetinlyon.com\/en\/cosmetin-lyon\/\"},{\"@type\":\"ListItem\",\"position\":2,\"name\":\"Privacy policy\"}]},{\"@type\":\"WebSite\",\"@id\":\"https:\/\/www.cosmetinlyon.com\/en\/#website\",\"url\":\"https:\/\/www.cosmetinlyon.com\/en\/\",\"name\":\"Cosmetin Lyon\",\"description\":\"\",\"publisher\":{\"@id\":\"https:\/\/www.cosmetinlyon.com\/en\/#organization\"},\"alternateName\":\"Cosmet'in Lyon\",\"potentialAction\":[{\"@type\":\"SearchAction\",\"target\":{\"@type\":\"EntryPoint\",\"urlTemplate\":\"https:\/\/www.cosmetinlyon.com\/en\/?s={search_term_string}\"},\"query-input\":\"required name=search_term_string\"}],\"inLanguage\":\"en-US\"},{\"@type\":\"Organization\",\"@id\":\"https:\/\/www.cosmetinlyon.com\/en\/#organization\",\"name\":\"Cosmetin Lyon\",\"alternateName\":\"Cosmetin\",\"url\":\"https:\/\/www.cosmetinlyon.com\/en\/\",\"logo\":{\"@type\":\"ImageObject\",\"inLanguage\":\"en-US\",\"@id\":\"https:\/\/www.cosmetinlyon.com\/en\/#\/schema\/logo\/image\/\",\"url\":\"https:\/\/www.cosmetinlyon.com\/wp-content\/uploads\/2023\/09\/Logo-Cosmetin-Bleu-AvecFond.png\",\"contentUrl\":\"https:\/\/www.cosmetinlyon.com\/wp-content\/uploads\/2023\/09\/Logo-Cosmetin-Bleu-AvecFond.png\",\"width\":1500,\"height\":742,\"caption\":\"Cosmetin Lyon\"},\"image\":{\"@id\":\"https:\/\/www.cosmetinlyon.com\/en\/#\/schema\/logo\/image\/\"},\"sameAs\":[\"https:\/\/www.linkedin.com\/in\/cedlyon\/\"]}]}<\/script>\n<!-- \/ Yoast SEO plugin. -->","yoast_head_json":{"title":"Privacy policy - Cosmet'in Lyon","robots":{"index":"index","follow":"follow","max-snippet":"max-snippet:-1","max-image-preview":"max-image-preview:large","max-video-preview":"max-video-preview:-1"},"canonical":"https:\/\/www.cosmetinlyon.com\/en\/privacy-policy\/","og_locale":"en_US","og_type":"article","og_title":"Privacy policy - Cosmet'in Lyon","og_description":"&#13; \u00a0 &#13; INTRODUCTION\u00a0 &#13; Dans le cadre de son activit\u00e9, Cosmet&#8217;in Lyon, dont le si\u00e8ge social est situ\u00e9 au Bioparc La\u00eannec, 60 avenue Rockfeller 69008 Lyon, est amen\u00e9e \u00e0 collecter et \u00e0 traiter des informations dont certaines sont qualifi\u00e9es de \u00ab donn\u00e9s personnelles \u00bb. Cosmet&#8217;in Lyon attache une grande importance au respect de la [&hellip;]","og_site_name":"Cosmet'in Lyon","article_modified_time":"2023-12-11T10:55:08+00:00","og_image":[{"width":1200,"height":675,"url":"https:\/\/www.cosmetinlyon.com\/wp-content\/uploads\/2023\/11\/Image-site.png","type":"image\/png"}],"twitter_card":"summary_large_image","twitter_misc":{"Est. reading time":"4 minutes"},"schema":{"@context":"https:\/\/schema.org","@graph":[{"@type":"WebPage","@id":"https:\/\/www.cosmetinlyon.com\/en\/privacy-policy\/","url":"https:\/\/www.cosmetinlyon.com\/en\/privacy-policy\/","name":"Privacy policy - Cosmet'in Lyon","isPartOf":{"@id":"https:\/\/www.cosmetinlyon.com\/en\/#website"},"datePublished":"2023-08-23T15:34:44+00:00","dateModified":"2023-12-11T10:55:08+00:00","breadcrumb":{"@id":"https:\/\/www.cosmetinlyon.com\/en\/privacy-policy\/#breadcrumb"},"inLanguage":"en-US","potentialAction":[{"@type":"ReadAction","target":["https:\/\/www.cosmetinlyon.com\/en\/privacy-policy\/"]}]},{"@type":"BreadcrumbList","@id":"https:\/\/www.cosmetinlyon.com\/en\/privacy-policy\/#breadcrumb","itemListElement":[{"@type":"ListItem","position":1,"name":"Accueil","item":"https:\/\/www.cosmetinlyon.com\/en\/cosmetin-lyon\/"},{"@type":"ListItem","position":2,"name":"Privacy policy"}]},{"@type":"WebSite","@id":"https:\/\/www.cosmetinlyon.com\/en\/#website","url":"https:\/\/www.cosmetinlyon.com\/en\/","name":"Cosmetin Lyon","description":"","publisher":{"@id":"https:\/\/www.cosmetinlyon.com\/en\/#organization"},"alternateName":"Cosmet'in Lyon","potentialAction":[{"@type":"SearchAction","target":{"@type":"EntryPoint","urlTemplate":"https:\/\/www.cosmetinlyon.com\/en\/?s={search_term_string}"},"query-input":"required name=search_term_string"}],"inLanguage":"en-US"},{"@type":"Organization","@id":"https:\/\/www.cosmetinlyon.com\/en\/#organization","name":"Cosmetin Lyon","alternateName":"Cosmetin","url":"https:\/\/www.cosmetinlyon.com\/en\/","logo":{"@type":"ImageObject","inLanguage":"en-US","@id":"https:\/\/www.cosmetinlyon.com\/en\/#\/schema\/logo\/image\/","url":"https:\/\/www.cosmetinlyon.com\/wp-content\/uploads\/2023\/09\/Logo-Cosmetin-Bleu-AvecFond.png","contentUrl":"https:\/\/www.cosmetinlyon.com\/wp-content\/uploads\/2023\/09\/Logo-Cosmetin-Bleu-AvecFond.png","width":1500,"height":742,"caption":"Cosmetin Lyon"},"image":{"@id":"https:\/\/www.cosmetinlyon.com\/en\/#\/schema\/logo\/image\/"},"sameAs":["https:\/\/www.linkedin.com\/in\/cedlyon\/"]}]}},"_links":{"self":[{"href":"https:\/\/www.cosmetinlyon.com\/en\/wp-json\/wp\/v2\/pages\/3122"}],"collection":[{"href":"https:\/\/www.cosmetinlyon.com\/en\/wp-json\/wp\/v2\/pages"}],"about":[{"href":"https:\/\/www.cosmetinlyon.com\/en\/wp-json\/wp\/v2\/types\/page"}],"author":[{"embeddable":true,"href":"https:\/\/www.cosmetinlyon.com\/en\/wp-json\/wp\/v2\/users\/1"}],"replies":[{"embeddable":true,"href":"https:\/\/www.cosmetinlyon.com\/en\/wp-json\/wp\/v2\/comments?post=3122"}],"version-history":[{"count":12,"href":"https:\/\/www.cosmetinlyon.com\/en\/wp-json\/wp\/v2\/pages\/3122\/revisions"}],"predecessor-version":[{"id":3277,"href":"https:\/\/www.cosmetinlyon.com\/en\/wp-json\/wp\/v2\/pages\/3122\/revisions\/3277"}],"wp:attachment":[{"href":"https:\/\/www.cosmetinlyon.com\/en\/wp-json\/wp\/v2\/media?parent=3122"}],"curies":[{"name":"wp","href":"https:\/\/api.w.org\/{rel}","templated":true}]}}